{"id":918,"date":"2021-10-11T16:23:13","date_gmt":"2021-10-11T14:23:13","guid":{"rendered":"https:\/\/ffk.demo.jonasled.de\/?page_id=918"},"modified":"2021-10-11T16:43:14","modified_gmt":"2021-10-11T14:43:14","slug":"bei-stau-rettungsgasse","status":"publish","type":"page","link":"https:\/\/ffk.demo.jonasled.de\/index.php\/bei-stau-rettungsgasse\/","title":{"rendered":"Bei Stau Rettungsgasse"},"content":{"rendered":"\n<p>Jedem Verkehrsteilnehmer&nbsp;sollte&nbsp;inzwischen klar sein, dass einem Einsatzfahrzeug, das Blaulicht und Signalhorn eingeschaltet hat, sofort freie Bahn zu schaffen ist. So besagt es der \u00a7 38 der Stra\u00dfenverkehrsordnung.<\/p>\n\n\n\n<p>Einer deutlich geringeren Popularit\u00e4t aber erfreut sich leider der Absatz 2 des \u00a7 11. Dieser besagt n\u00e4mlich, dass, wenn sich der Verkehr auf Autobahnen und &#8222;Au\u00dferortsstra\u00dfen&#8220; staut, Fahrzeuge eine freie Gasse f\u00fcr die Durchfahrt von &#8222;Polizei- und Hilfsfahrzeugen&#8220; zu bilden haben, und zwar: Eine Rettungsgasse muss bereits bei stockendem Verkehr gebildet und offen gehalten werden, bevor die Fahrzeuge dicht hintereinander stehen. Achten Sie also auf ausreichend Abstand zum Vordermann.\u00a0<\/p>\n\n\n<p>[dsgvo-youtube url=&#8220;https:\/\/www.youtube.com\/watch?v=n4GB1pUjSEw&#8220; images=&#8220;https:\/\/ffk.demo.jonasled.de\/wp-content\/uploads\/2021\/10\/rettungsgasse-e1633963361567.png&#8220;][\/dsgvo-youtube]<\/p>\n\n\n\n<p><\/p>\n","protected":false},"excerpt":{"rendered":"<p>Jedem Verkehrsteilnehmer&nbsp;sollte&nbsp;inzwischen klar sein, dass einem Einsatzfahrzeug, das Blaulicht und Signalhorn eingeschaltet hat, sofort freie Bahn zu schaffen ist. So besagt es der \u00a7 38 der Stra\u00dfenverkehrsordnung. Einer deutlich geringeren Popularit\u00e4t aber erfreut sich leider der Absatz 2 des \u00a7 11. Dieser besagt n\u00e4mlich, dass, wenn sich der Verkehr auf Autobahnen und &#8222;Au\u00dferortsstra\u00dfen&#8220; staut, Fahrzeuge [&hellip;]<\/p>\n","protected":false},"author":1,"featured_media":0,"parent":0,"menu_order":0,"comment_status":"closed","ping_status":"closed","template":"","meta":{"footnotes":""},"class_list":["post-918","page","type-page","status-publish","hentry"],"_links":{"self":[{"href":"https:\/\/ffk.demo.jonasled.de\/index.php\/wp-json\/wp\/v2\/pages\/918","targetHints":{"allow":["GET"]}}],"collection":[{"href":"https:\/\/ffk.demo.jonasled.de\/index.php\/wp-json\/wp\/v2\/pages"}],"about":[{"href":"https:\/\/ffk.demo.jonasled.de\/index.php\/wp-json\/wp\/v2\/types\/page"}],"author":[{"embeddable":true,"href":"https:\/\/ffk.demo.jonasled.de\/index.php\/wp-json\/wp\/v2\/users\/1"}],"replies":[{"embeddable":true,"href":"https:\/\/ffk.demo.jonasled.de\/index.php\/wp-json\/wp\/v2\/comments?post=918"}],"version-history":[{"count":7,"href":"https:\/\/ffk.demo.jonasled.de\/index.php\/wp-json\/wp\/v2\/pages\/918\/revisions"}],"predecessor-version":[{"id":928,"href":"https:\/\/ffk.demo.jonasled.de\/index.php\/wp-json\/wp\/v2\/pages\/918\/revisions\/928"}],"wp:attachment":[{"href":"https:\/\/ffk.demo.jonasled.de\/index.php\/wp-json\/wp\/v2\/media?parent=918"}],"curies":[{"name":"wp","href":"https:\/\/api.w.org\/{rel}","templated":true}]}}