{"id":769,"date":"2021-10-07T12:06:13","date_gmt":"2021-10-07T10:06:13","guid":{"rendered":"https:\/\/ffk.demo.jonasled.de\/index.php\/colibri-wp\/"},"modified":"2022-07-03T13:45:50","modified_gmt":"2022-07-03T11:45:50","slug":"colibri-wp","status":"publish","type":"page","link":"https:\/\/ffk.demo.jonasled.de\/index.php\/colibri-wp\/","title":{"rendered":"Front Page"},"content":{"rendered":"\n<div class=\"wp-block-columns is-layout-flex wp-container-core-columns-is-layout-9d6595d7 wp-block-columns-is-layout-flex\">\n<div class=\"wp-block-column front-page-padding is-layout-flow wp-block-column-is-layout-flow\" style=\"flex-basis:80%\">\n<h2 class=\"has-text-align-center wp-block-heading\">Letzte Eins\u00e4tze<\/h2>\n\n\n<table class=\"einsatzverwaltung-reportlist\"><tbody><tr class=\"einsatz-header\"><th style=\"white-space: nowrap;\">Nummer<\/th><th style=\"white-space: nowrap;\">Datum<\/th><th style=\"white-space: nowrap;\">Uhrzeit<\/th><th style=\"\">Einsatzmeldung<\/th><th style=\"\">Fahrzeuge<\/th><\/tr><tr class=\"zebracorrection\"><td colspan=\"5\">&nbsp;<\/td><\/tr><tr class=\"report\"><td class=\"smallscreen\" colspan=\"5\" data-permalink=\"https:\/\/ffk.demo.jonasled.de\/index.php\/einsatzberichte\/test\/\"><span class=\"einsatz-number\"><strong>Nummer:<\/strong> &nbsp;<\/span><br><span class=\"einsatz-date\"><strong>Datum:<\/strong> 01.12.2022<\/span><br><span class=\"einsatz-time\"><strong>Uhrzeit:<\/strong> 11:05<\/span><br><span class=\"einsatz-title\"><strong>Einsatzmeldung:<\/strong> <a href=\"https:\/\/ffk.demo.jonasled.de\/index.php\/einsatzberichte\/test\/\" rel=\"bookmark\">Test<\/a><\/span><br><span class=\"einsatz-vehicles\"><strong>Fahrzeuge:<\/strong> &nbsp;<\/span><br><\/td><td class=\"einsatz-column-number\">&nbsp;<\/td><td class=\"einsatz-column-date\">01.12.2022<\/td><td class=\"einsatz-column-time\">11:05<\/td><td class=\"einsatz-column-title\"><a href=\"https:\/\/ffk.demo.jonasled.de\/index.php\/einsatzberichte\/test\/\" rel=\"bookmark\">Test<\/a><\/td><td class=\"einsatz-column-vehicles\">&nbsp;<\/td><\/tr><tr class=\"report\"><td class=\"smallscreen\" colspan=\"5\" data-permalink=\"https:\/\/ffk.demo.jonasled.de\/index.php\/einsatzberichte\/notfalltueroeffnung-4\/\"><span class=\"einsatz-number\"><strong>Nummer:<\/strong> 114\/2022<\/span><br><span class=\"einsatz-date\"><strong>Datum:<\/strong> 26.08.2022<\/span><br><span class=\"einsatz-time\"><strong>Uhrzeit:<\/strong> 05:35<\/span><br><span class=\"einsatz-title\"><strong>Einsatzmeldung:<\/strong> <a href=\"https:\/\/ffk.demo.jonasled.de\/index.php\/einsatzberichte\/notfalltueroeffnung-4\/\" rel=\"bookmark\">Notfallt\u00fcr\u00f6ffnung<\/a><\/span><br><span class=\"einsatz-vehicles\"><strong>Fahrzeuge:<\/strong> ELW, LF20, RW 1<\/span><br><\/td><td class=\"einsatz-column-number\">114\/2022<\/td><td class=\"einsatz-column-date\">26.08.2022<\/td><td class=\"einsatz-column-time\">05:35<\/td><td class=\"einsatz-column-title\"><a href=\"https:\/\/ffk.demo.jonasled.de\/index.php\/einsatzberichte\/notfalltueroeffnung-4\/\" rel=\"bookmark\">Notfallt\u00fcr\u00f6ffnung<\/a><\/td><td class=\"einsatz-column-vehicles\">ELW, LF20, RW 1<\/td><\/tr><tr class=\"report\"><td class=\"smallscreen\" colspan=\"5\" data-permalink=\"https:\/\/ffk.demo.jonasled.de\/index.php\/einsatzberichte\/wasserrettung-rheinalarm-4\/\"><span class=\"einsatz-number\"><strong>Nummer:<\/strong> 113\/2022<\/span><br><span class=\"einsatz-date\"><strong>Datum:<\/strong> 24.08.2022<\/span><br><span class=\"einsatz-time\"><strong>Uhrzeit:<\/strong> 08:09<\/span><br><span class=\"einsatz-title\"><strong>Einsatzmeldung:<\/strong> <a href=\"https:\/\/ffk.demo.jonasled.de\/index.php\/einsatzberichte\/wasserrettung-rheinalarm-4\/\" rel=\"bookmark\">Wasserrettung (Rheinalarm)<\/a><\/span><br><span class=\"einsatz-vehicles\"><strong>Fahrzeuge:<\/strong> ELW, GW L-2, LF 16\/12, MTW 2, RTB 2, RW 1<\/span><br><\/td><td class=\"einsatz-column-number\">113\/2022<\/td><td class=\"einsatz-column-date\">24.08.2022<\/td><td class=\"einsatz-column-time\">08:09<\/td><td class=\"einsatz-column-title\"><a href=\"https:\/\/ffk.demo.jonasled.de\/index.php\/einsatzberichte\/wasserrettung-rheinalarm-4\/\" rel=\"bookmark\">Wasserrettung (Rheinalarm)<\/a><\/td><td class=\"einsatz-column-vehicles\">ELW, GW L-2, LF 16\/12, MTW 2, RTB 2, RW 1<\/td><\/tr><tr class=\"report\"><td class=\"smallscreen\" colspan=\"5\" data-permalink=\"https:\/\/ffk.demo.jonasled.de\/index.php\/einsatzberichte\/wasserrettung-rheinalarm-3\/\"><span class=\"einsatz-number\"><strong>Nummer:<\/strong> 112\/2022<\/span><br><span class=\"einsatz-date\"><strong>Datum:<\/strong> 21.08.2022<\/span><br><span class=\"einsatz-time\"><strong>Uhrzeit:<\/strong> 15:07<\/span><br><span class=\"einsatz-title\"><strong>Einsatzmeldung:<\/strong> <a href=\"https:\/\/ffk.demo.jonasled.de\/index.php\/einsatzberichte\/wasserrettung-rheinalarm-3\/\" rel=\"bookmark\">Wasserrettung (Rheinalarm)<\/a><\/span><br><span class=\"einsatz-vehicles\"><strong>Fahrzeuge:<\/strong> ELW, LF 16\/12, MTW 2, RTB 2, RW 1<\/span><br><\/td><td class=\"einsatz-column-number\">112\/2022<\/td><td class=\"einsatz-column-date\">21.08.2022<\/td><td class=\"einsatz-column-time\">15:07<\/td><td class=\"einsatz-column-title\"><a href=\"https:\/\/ffk.demo.jonasled.de\/index.php\/einsatzberichte\/wasserrettung-rheinalarm-3\/\" rel=\"bookmark\">Wasserrettung (Rheinalarm)<\/a><\/td><td class=\"einsatz-column-vehicles\">ELW, LF 16\/12, MTW 2, RTB 2, RW 1<\/td><\/tr><tr class=\"report\"><td class=\"smallscreen\" colspan=\"5\" data-permalink=\"https:\/\/ffk.demo.jonasled.de\/index.php\/einsatzberichte\/unterstuetzung-rettungsdienst-4\/\"><span class=\"einsatz-number\"><strong>Nummer:<\/strong> 111\/2022<\/span><br><span class=\"einsatz-date\"><strong>Datum:<\/strong> 20.08.2022<\/span><br><span class=\"einsatz-time\"><strong>Uhrzeit:<\/strong> 18:56<\/span><br><span class=\"einsatz-title\"><strong>Einsatzmeldung:<\/strong> <a href=\"https:\/\/ffk.demo.jonasled.de\/index.php\/einsatzberichte\/unterstuetzung-rettungsdienst-4\/\" rel=\"bookmark\">Unterst\u00fctzung Rettungsdienst<\/a><\/span><br><span class=\"einsatz-vehicles\"><strong>Fahrzeuge:<\/strong> &nbsp;<\/span><br><\/td><td class=\"einsatz-column-number\">111\/2022<\/td><td class=\"einsatz-column-date\">20.08.2022<\/td><td class=\"einsatz-column-time\">18:56<\/td><td class=\"einsatz-column-title\"><a href=\"https:\/\/ffk.demo.jonasled.de\/index.php\/einsatzberichte\/unterstuetzung-rettungsdienst-4\/\" rel=\"bookmark\">Unterst\u00fctzung Rettungsdienst<\/a><\/td><td class=\"einsatz-column-vehicles\">&nbsp;<\/td><\/tr><\/tbody><\/table>\n\n\n\n<div class=\"wp-block-buttons is-content-justification-center is-layout-flex wp-container-core-buttons-is-layout-8057eaf3 wp-block-buttons-is-layout-flex\">\n<div class=\"wp-block-button\"><a class=\"wp-block-button__link\" href=\"https:\/\/ffk.demo.jonasled.de\/index.php\/einsaetze\/\">Weitere Eins\u00e4tze<\/a><\/div>\n<\/div>\n\n\n\n<div style=\"height:100px\" aria-hidden=\"true\" class=\"wp-block-spacer\"><\/div>\n\n\n\n<h2 class=\"has-text-align-center wp-block-heading\">Beitr\u00e4ge<\/h2>\n\n\n\n<section class=\"wp-block-query is-layout-flow wp-block-query-is-layout-flow\"><ul class=\"aligncenter wp-block-post-template is-layout-flow wp-block-post-template-is-layout-flow\"><li class=\"wp-block-post post-1276 post type-post status-publish format-standard hentry category-allgemein\">\n<h2 class=\"wp-block-post-title\"><a href=\"https:\/\/ffk.demo.jonasled.de\/index.php\/2022\/08\/28\/test2\/\" target=\"_self\" >K\u00f6ln Treppenlauf<\/a><\/h2>\n\n<div class=\"wp-block-post-excerpt\"><p class=\"wp-block-post-excerpt__excerpt\">Es ist geschafft. Unsere drei Teams haben die 714 Stufen &#8211; insgesamt 132 H\u00f6henmeter &#8211; erfolgreich bezwungen. Das Team &#8222;Mein Lieblingsteam&#8220; bestehend aus Tanja &amp; Thorsten Kr\u00fcger sind in einer Zeit von 11:44 im Ziel angekommen. Das Team &#8222;WarumTuIchMirDasAn&#8220; bestehend aus Alexander Oser &amp; Florian Bauer waren in 19:17 am Ziel. Das Team &#8222;Sind auch&hellip; <\/p><\/div>\n\n\n<hr class=\"wp-block-separator has-css-opacity\"\/>\n\n\n<div class=\"wp-block-post-date\"><time datetime=\"2022-08-28T13:00:00+02:00\">28. August 2022<\/time><\/div>\n<\/li><li class=\"wp-block-post post-1261 post type-post status-publish format-standard hentry category-allgemein\">\n<h2 class=\"wp-block-post-title\"><a href=\"https:\/\/ffk.demo.jonasled.de\/index.php\/2022\/07\/02\/test\/\" target=\"_self\" >Hochzeit<\/a><\/h2>\n\n<div class=\"wp-block-post-excerpt\"><p class=\"wp-block-post-excerpt__excerpt\">Sie haben sich das JA Wort gegeben. Wir gratulieren unserem Kamerad Marco der seine Tabea heute geheiratet hat. Nat\u00fcrlich mussten beide gemeinsam ein brennendes Herz mit der K\u00fcbelspritze l\u00f6schen <\/p><\/div>\n\n\n<hr class=\"wp-block-separator has-css-opacity\"\/>\n\n\n<div class=\"wp-block-post-date\"><time datetime=\"2022-07-02T15:18:00+02:00\">2. Juli 2022<\/time><\/div>\n<\/li><\/ul><\/section>\n<\/div>\n\n\n\n<div class=\"wp-block-column flex-basis-content is-layout-flow wp-block-column-is-layout-flow\" style=\"flex-basis:33.33%\">\n<div style=\"height:10px\" aria-hidden=\"true\" class=\"wp-block-spacer\"><\/div>\n\n\n\n<figure class=\"wp-block-image size-medium\"><a href=\"https:\/\/ffk.demo.jonasled.de\/index.php\/rauchmelder\/\"><img loading=\"lazy\" decoding=\"async\" width=\"300\" height=\"178\" src=\"https:\/\/ffk.demo.jonasled.de\/wp-content\/uploads\/2021\/10\/rauchmelder-300x178.jpg\" alt=\"\" class=\"wp-image-913\" srcset=\"https:\/\/ffk.demo.jonasled.de\/wp-content\/uploads\/2021\/10\/rauchmelder-300x178.jpg 300w, https:\/\/ffk.demo.jonasled.de\/wp-content\/uploads\/2021\/10\/rauchmelder-1024x606.jpg 1024w, https:\/\/ffk.demo.jonasled.de\/wp-content\/uploads\/2021\/10\/rauchmelder-768x455.jpg 768w, https:\/\/ffk.demo.jonasled.de\/wp-content\/uploads\/2021\/10\/rauchmelder.jpg 1181w\" sizes=\"auto, (max-width: 300px) 100vw, 300px\" \/><\/a><\/figure>\n\n\n\n<figure class=\"wp-block-image size-medium\"><a href=\"https:\/\/ffk.demo.jonasled.de\/index.php\/notrufnummern\/\"><img loading=\"lazy\" decoding=\"async\" width=\"300\" height=\"225\" src=\"https:\/\/ffk.demo.jonasled.de\/wp-content\/uploads\/2022\/06\/AdobeStock_7436367-300x225.jpeg\" alt=\"\" class=\"wp-image-1392\" srcset=\"https:\/\/ffk.demo.jonasled.de\/wp-content\/uploads\/2022\/06\/AdobeStock_7436367-300x225.jpeg 300w, https:\/\/ffk.demo.jonasled.de\/wp-content\/uploads\/2022\/06\/AdobeStock_7436367-1024x768.jpeg 1024w, https:\/\/ffk.demo.jonasled.de\/wp-content\/uploads\/2022\/06\/AdobeStock_7436367-768x576.jpeg 768w, https:\/\/ffk.demo.jonasled.de\/wp-content\/uploads\/2022\/06\/AdobeStock_7436367-1536x1152.jpeg 1536w, https:\/\/ffk.demo.jonasled.de\/wp-content\/uploads\/2022\/06\/AdobeStock_7436367-2048x1536.jpeg 2048w\" sizes=\"auto, (max-width: 300px) 100vw, 300px\" \/><\/a><\/figure>\n\n\n\n<figure class=\"wp-block-image size-medium\"><a href=\"https:\/\/ffk.demo.jonasled.de\/index.php\/bei-stau-rettungsgasse\/\"><img loading=\"lazy\" decoding=\"async\" width=\"300\" height=\"198\" src=\"https:\/\/ffk.demo.jonasled.de\/wp-content\/uploads\/2022\/06\/AdobeStock_201399878-300x198.jpeg\" alt=\"\" class=\"wp-image-1394\" srcset=\"https:\/\/ffk.demo.jonasled.de\/wp-content\/uploads\/2022\/06\/AdobeStock_201399878-300x198.jpeg 300w, https:\/\/ffk.demo.jonasled.de\/wp-content\/uploads\/2022\/06\/AdobeStock_201399878-1024x675.jpeg 1024w, https:\/\/ffk.demo.jonasled.de\/wp-content\/uploads\/2022\/06\/AdobeStock_201399878-768x506.jpeg 768w, https:\/\/ffk.demo.jonasled.de\/wp-content\/uploads\/2022\/06\/AdobeStock_201399878-1536x1012.jpeg 1536w, https:\/\/ffk.demo.jonasled.de\/wp-content\/uploads\/2022\/06\/AdobeStock_201399878-2048x1350.jpeg 2048w\" sizes=\"auto, (max-width: 300px) 100vw, 300px\" \/><\/a><\/figure>\n<\/div>\n<\/div>\n\n\n\n<div class=\"wp-block-buttons is-content-justification-center is-layout-flex wp-container-core-buttons-is-layout-51f7783f wp-block-buttons-is-layout-flex\">\n<div class=\"wp-block-button\"><a class=\"wp-block-button__link\" href=\"https:\/\/ffk.demo.jonasled.de\/index.php\/category\/allgemein\/\">Weitere Beitr\u00e4ge<\/a><\/div>\n<\/div>\n\n\n\n<p><\/p>\n","protected":false},"excerpt":{"rendered":"<p>Letzte Eins\u00e4tze Beitr\u00e4ge<\/p>\n","protected":false},"author":1,"featured_media":0,"parent":0,"menu_order":0,"comment_status":"closed","ping_status":"closed","template":"page-templates\/homepage.php","meta":{"footnotes":""},"class_list":["post-769","page","type-page","status-publish","hentry"],"_links":{"self":[{"href":"https:\/\/ffk.demo.jonasled.de\/index.php\/wp-json\/wp\/v2\/pages\/769","targetHints":{"allow":["GET"]}}],"collection":[{"href":"https:\/\/ffk.demo.jonasled.de\/index.php\/wp-json\/wp\/v2\/pages"}],"about":[{"href":"https:\/\/ffk.demo.jonasled.de\/index.php\/wp-json\/wp\/v2\/types\/page"}],"author":[{"embeddable":true,"href":"https:\/\/ffk.demo.jonasled.de\/index.php\/wp-json\/wp\/v2\/users\/1"}],"replies":[{"embeddable":true,"href":"https:\/\/ffk.demo.jonasled.de\/index.php\/wp-json\/wp\/v2\/comments?post=769"}],"version-history":[{"count":36,"href":"https:\/\/ffk.demo.jonasled.de\/index.php\/wp-json\/wp\/v2\/pages\/769\/revisions"}],"predecessor-version":[{"id":1447,"href":"https:\/\/ffk.demo.jonasled.de\/index.php\/wp-json\/wp\/v2\/pages\/769\/revisions\/1447"}],"wp:attachment":[{"href":"https:\/\/ffk.demo.jonasled.de\/index.php\/wp-json\/wp\/v2\/media?parent=769"}],"curies":[{"name":"wp","href":"https:\/\/api.w.org\/{rel}","templated":true}]}}