{"id":1089,"date":"2022-01-02T14:59:25","date_gmt":"2022-01-02T13:59:25","guid":{"rendered":"https:\/\/ffk.demo.jonasled.de\/?page_id=1089"},"modified":"2022-06-29T14:00:13","modified_gmt":"2022-06-29T12:00:13","slug":"mitglied-werden","status":"publish","type":"page","link":"https:\/\/ffk.demo.jonasled.de\/index.php\/mitglied-werden\/","title":{"rendered":"Mitglied werden"},"content":{"rendered":"<div class=\"wp-block-image is-style-default\">\n<figure class=\"aligncenter size-large\"><a href=\"https:\/\/ffk.demo.jonasled.de\/wp-content\/uploads\/2022\/06\/Plakatmotiv_Neutral_4.jpg\"><img loading=\"lazy\" decoding=\"async\" width=\"726\" height=\"1024\" src=\"https:\/\/ffk.demo.jonasled.de\/wp-content\/uploads\/2022\/06\/Plakatmotiv_Neutral_4-726x1024.jpg\" alt=\"\" class=\"wp-image-1265\" srcset=\"https:\/\/ffk.demo.jonasled.de\/wp-content\/uploads\/2022\/06\/Plakatmotiv_Neutral_4-726x1024.jpg 726w, https:\/\/ffk.demo.jonasled.de\/wp-content\/uploads\/2022\/06\/Plakatmotiv_Neutral_4-213x300.jpg 213w, https:\/\/ffk.demo.jonasled.de\/wp-content\/uploads\/2022\/06\/Plakatmotiv_Neutral_4-768x1083.jpg 768w, https:\/\/ffk.demo.jonasled.de\/wp-content\/uploads\/2022\/06\/Plakatmotiv_Neutral_4-1089x1536.jpg 1089w, https:\/\/ffk.demo.jonasled.de\/wp-content\/uploads\/2022\/06\/Plakatmotiv_Neutral_4-1452x2048.jpg 1452w, https:\/\/ffk.demo.jonasled.de\/wp-content\/uploads\/2022\/06\/Plakatmotiv_Neutral_4.jpg 1701w\" sizes=\"auto, (max-width: 726px) 100vw, 726px\" \/><\/a><\/figure>\n<\/div>\n\n\n<p>\u00dcber 177.000 B\u00fcrger und B\u00fcrgerinnen in Baden W\u00fcrrtemberg sind bereits bei der Feuerwehr, auch du kannst einer von diesen sein. Wenn du Interesse hast melde dich per Mail an <a href=\"mailto:kommandant@feuerwehr-ketsch.de\">kommandant@feuerwehr-ketsch.de<\/a><\/p>\n","protected":false},"excerpt":{"rendered":"<p>\u00dcber 177.000 B\u00fcrger und B\u00fcrgerinnen in Baden W\u00fcrrtemberg sind bereits bei der Feuerwehr, auch du kannst einer von diesen sein. Wenn du Interesse hast melde dich per Mail an kommandant@feuerwehr-ketsch.de<\/p>\n","protected":false},"author":1,"featured_media":0,"parent":0,"menu_order":0,"comment_status":"closed","ping_status":"closed","template":"","meta":{"footnotes":""},"class_list":["post-1089","page","type-page","status-publish","hentry"],"_links":{"self":[{"href":"https:\/\/ffk.demo.jonasled.de\/index.php\/wp-json\/wp\/v2\/pages\/1089","targetHints":{"allow":["GET"]}}],"collection":[{"href":"https:\/\/ffk.demo.jonasled.de\/index.php\/wp-json\/wp\/v2\/pages"}],"about":[{"href":"https:\/\/ffk.demo.jonasled.de\/index.php\/wp-json\/wp\/v2\/types\/page"}],"author":[{"embeddable":true,"href":"https:\/\/ffk.demo.jonasled.de\/index.php\/wp-json\/wp\/v2\/users\/1"}],"replies":[{"embeddable":true,"href":"https:\/\/ffk.demo.jonasled.de\/index.php\/wp-json\/wp\/v2\/comments?post=1089"}],"version-history":[{"count":6,"href":"https:\/\/ffk.demo.jonasled.de\/index.php\/wp-json\/wp\/v2\/pages\/1089\/revisions"}],"predecessor-version":[{"id":1269,"href":"https:\/\/ffk.demo.jonasled.de\/index.php\/wp-json\/wp\/v2\/pages\/1089\/revisions\/1269"}],"wp:attachment":[{"href":"https:\/\/ffk.demo.jonasled.de\/index.php\/wp-json\/wp\/v2\/media?parent=1089"}],"curies":[{"name":"wp","href":"https:\/\/api.w.org\/{rel}","templated":true}]}}